{"id":10273,"date":"2020-06-09T19:21:44","date_gmt":"2020-06-09T19:21:44","guid":{"rendered":"https:\/\/x4fire.com\/x4fire-espanol\/"},"modified":"2020-06-09T19:42:06","modified_gmt":"2020-06-09T19:42:06","slug":"x4fire-espanol","status":"publish","type":"page","link":"https:\/\/x4fire.com\/es\/x4fire-espanol\/","title":{"rendered":"x4fire &#8211; Espa\u00f1ol"},"content":{"rendered":"\n<div class=\"slider-wrapper relative\" id=\"slider-1088604483\" >\n    <div class=\"slider slider-nav-circle slider-nav-large slider-nav-light slider-style-normal slider-show-nav\"\n        data-flickity-options='{\n            \"cellAlign\": \"center\",\n            \"imagesLoaded\": true,\n            \"lazyLoad\": 1,\n            \"freeScroll\": false,\n            \"wrapAround\": true,\n            \"autoPlay\": 6000,\n            \"pauseAutoPlayOnHover\" : true,\n            \"prevNextButtons\": true,\n            \"contain\" : true,\n            \"adaptiveHeight\" : true,\n            \"dragThreshold\" : 10,\n            \"percentPosition\": true,\n            \"pageDots\": true,\n            \"rightToLeft\": false,\n            \"draggable\": true,\n            \"selectedAttraction\": 0.1,\n            \"parallax\" : 0,\n            \"friction\": 0.6        }'\n        >\n        \n\n\n  <div class=\"banner has-hover is-full-height\" id=\"banner-1681065310\">\n          <div class=\"banner-inner fill\">\n        <div class=\"banner-bg fill\" >\n            <img loading=\"lazy\" decoding=\"async\" width=\"1000\" height=\"1000\" src=\"https:\/\/x4fire.com\/wp-content\/uploads\/2020\/06\/mockup-167d7cbb.png\" class=\"bg attachment-orginal size-orginal\" alt=\"\" title=\"\">                                    \n                    <\/div>\n\t\t\n        <div class=\"banner-layers container\">\n            <div class=\"fill banner-link\"><\/div>            \n\n   <div id=\"text-box-1653228806\" class=\"text-box banner-layer x50 md-x50 lg-x50 y75 md-y80 lg-y80 res-text\">\n              <div data-parallax=\"-1\" data-parallax-fade=\"true\">       <div data-animate=\"bounceIn\">           <div class=\"text-box-content text dark\">\n              \n              <div class=\"text-inner text-center\">\n                  \n\n<p class=\"alt-font\"><span style=\"font-size: 160%; color: #282828;\">\u00a1 Nueva colecci\u00f3n&nbsp;!<\/span><\/p>\n<h2 class=\"uppercase\"><span style=\"font-size: 160%; color: #282828;\"><strong>colecci\u00f3n <\/strong><\/span><span style=\"font-size: 160%; color: #282828;\"><strong>2020<\/strong><\/span><\/h2>\n<h3 class=\"lead uppercase\"><span style=\"color: #282828;\">hasta un 70%<\/span><\/h3>\n<a href=\"https:\/\/x4fire.com\/shop\/\" class=\"button primary is-bevel\"  style=\"border-radius:99px;\">\n\t\t<span>Ir a la tienda<\/span>\n\t<\/a>\n\n\n\n              <\/div>\n           <\/div>\n       <\/div>       <\/div>              \n<style>\n#text-box-1653228806 {\n  width: 80%;\n}\n#text-box-1653228806 .text-box-content {\n  font-size: 100%;\n}\n@media (min-width:550px) {\n  #text-box-1653228806 {\n    width: 80%;\n  }\n}\n<\/style>\n    <\/div>\n \n\n        <\/div>\n      <\/div>\n\n            \n<style>\n#banner-1681065310 {\n  padding-top: 100%;\n  background-color: rgb(255,255,255);\n}\n#banner-1681065310 .banner-bg img {\n  object-position: 50% 25%;\n}\n<\/style>\n  <\/div>\n\n\n\n  <div class=\"banner has-hover is-full-height\" id=\"banner-1700098329\">\n          <div class=\"banner-inner fill\">\n        <div class=\"banner-bg fill\" >\n            <img loading=\"lazy\" decoding=\"async\" width=\"800\" height=\"800\" src=\"https:\/\/x4fire.com\/wp-content\/uploads\/2020\/06\/mockup-fd754359-800x800.png\" class=\"bg attachment-large size-large\" alt=\"\" title=\"\">                                    \n                    <\/div>\n\t\t\n        <div class=\"banner-layers container\">\n            <div class=\"fill banner-link\"><\/div>            \n\n   <div id=\"text-box-266797047\" class=\"text-box banner-layer x5 md-x10 lg-x10 y50 md-y50 lg-y50 res-text\">\n              <div data-parallax=\"-1\" data-parallax-fade=\"true\">       <div data-animate=\"fadeInUp\">           <div class=\"text-box-content text dark\">\n              \n              <div class=\"text-inner text-left\">\n                  \n\n<p class=\"alt-font\"><span style=\"font-size: 160%; color: #282828;\">New Trends 2020<\/span><\/p>\n<h2 class=\"uppercase\"><span style=\"font-size: 150%; color: #282828;\"><strong>todos lAS NUEVAS TENDENCIAS<\/strong><\/span><\/h2>\n<a href=\"https:\/\/x4fire.com\/shop\" class=\"button primary\"  style=\"border-radius:99px;\">\n\t\t<span>ver oferas<\/span>\n\t<\/a>\n\n\n\n              <\/div>\n           <\/div>\n       <\/div>       <\/div>              \n<style>\n#text-box-266797047 {\n  width: 77%;\n}\n#text-box-266797047 .text-box-content {\n  font-size: 100%;\n}\n@media (min-width:550px) {\n  #text-box-266797047 {\n    width: 85%;\n  }\n}\n<\/style>\n    <\/div>\n \n\n        <\/div>\n      <\/div>\n\n            \n<style>\n#banner-1700098329 {\n  padding-top: 100%;\n  background-color: rgb(255,255,255);\n}\n#banner-1700098329 .banner-bg img {\n  object-position: 57% 51%;\n}\n<\/style>\n  <\/div>\n\n\n\n     <\/div>\n\n     <div class=\"loading-spin dark large centered\"><\/div>\n\n\t<\/div>\n\n\n<div class=\"row align-center\"  id=\"row-663365996\">\n\n\n\t<div id=\"col-352543969\" class=\"col medium-7 small-12 large-7\"  >\n\t\t\t\t<div class=\"col-inner text-center\"  >\n\t\t\t\n\t\t\t\n\n<h2 class=\"uppercase\"><span style=\"font-size: 160%;\">bienvenido a x4Fire<\/span><\/h2>\n<p>Tenemos todos los conjuntos de ropa&nbsp;que est\u00e1n de moda en el momento y todas las novedades de los pr\u00f3ximos meses a precios incre\u00edbles.<\/p>\n<a href=\"https:\/\/x4fire.com\/elements\/pages\/about\/\" class=\"button primary is-outline is-small\"  style=\"border-radius:99px;\">\n\t\t<span>Sobre nosotros<\/span>\n\t<\/a>\n\n\n<a href=\"https:\/\/x4fire.com\/shop\/\" class=\"button primary is-small\"  style=\"border-radius:99px;\">\n\t\t<span>ir a la tienda<\/span>\n\t<\/a>\n\n\n\n\t\t<\/div>\n\t\t\t\t\n<style>\n#col-352543969 > .col-inner {\n  padding: 40px 0px 0px 0px;\n}\n<\/style>\n\t<\/div>\n\n\t\n\n<\/div>\n<div class=\"container section-title-container\" ><h3 class=\"section-title section-title-center\"><b><\/b><span class=\"section-title-main\" >ver productos nuevos<\/span><b><\/b><\/h3><\/div>\n\n  <style>\n    #cats-763346442 .grid-col-1{height: 400px}\n    #cats-763346442 .grid-col-1-2{height: 200px}\n    #cats-763346442 .grid-col-1-3{height:133.33333333333px}\n    #cats-763346442 .grid-col-2-3{height: 266.66666666667px}\n    #cats-763346442 .grid-col-1-4{height: 100px}\n    #cats-763346442 .grid-col-3-4{height: 300px}\n\n\n        \/* Tablet *\/\n    @media (max-width: 850px){\n      #cats-763346442 .grid-col-1{height: 266.66666666667px}\n      #cats-763346442 .grid-col-1-2{height: 133.33333333333px}\n      #cats-763346442 .grid-col-1-3{height:88.888888888889px}\n      #cats-763346442 .grid-col-2-3{height: 177.77777777778px}\n      #cats-763346442 .grid-col-1-4{height: 66.666666666667px}\n      #cats-763346442 .grid-col-3-4{height: 200px}\n    }\n    \n        \/* Mobile *\/\n    @media (max-width: 550px){\n      #cats-763346442 .grid-col-1{height: 266.66666666667px}\n      #cats-763346442 .grid-col-1-2{height: 133.33333333333px}\n      #cats-763346442 .grid-col-1-3{height:88.888888888889px}\n      #cats-763346442 .grid-col-2-3{height: 177.77777777778px}\n      #cats-763346442 .grid-col-1-4{height: 66.666666666667px}\n      #cats-763346442 .grid-col-3-4{height: 200px}\n    }\n    \n\n  <\/style>\n  \n  \n    <div id=\"cats-763346442\" class=\"row row-small row-grid\" data-packery-options='{\"itemSelector\": \".col\", \"gutter\": 0, \"presentageWidth\" : true}'>\n\n  <\/div>\n\n<div class=\"container section-title-container\" ><h3 class=\"section-title section-title-center\"><b><\/b><span class=\"section-title-main\" >moda 2016 \/ 2017<\/span><b><\/b><\/h3><\/div>\n\n\t\n  \n    <div class=\"row large-columns-4 medium-columns-3 small-columns-2 row-small slider row-slider slider-nav-reveal slider-nav-push\"  data-flickity-options='{&quot;imagesLoaded&quot;: true, &quot;groupCells&quot;: &quot;100%&quot;, &quot;dragThreshold&quot; : 5, &quot;cellAlign&quot;: &quot;left&quot;,&quot;wrapAround&quot;: true,&quot;prevNextButtons&quot;: true,&quot;percentPosition&quot;: true,&quot;pageDots&quot;: false, &quot;rightToLeft&quot;: false, &quot;autoPlay&quot; : false}' >\n\n  <\/div>\n\n\n  <div class=\"banner has-hover\" id=\"banner-300808357\">\n          <div class=\"banner-inner fill\">\n        <div class=\"banner-bg fill\" >\n                                                \n                    <\/div>\n\t\t\n        <div class=\"banner-layers container\">\n            <div class=\"fill banner-link\"><\/div>            \n\n   <div id=\"text-box-2026336257\" class=\"text-box banner-layer x50 md-x50 lg-x50 y50 md-y50 lg-y50 res-text\">\n                     <div data-animate=\"fadeInRight\">           <div class=\"text-box-content text dark\">\n              \n              <div class=\"text-inner text-center\">\n                  \n\n<h3 class=\"uppercase\"><strong>s\u00edguenos para recibir&nbsp;nuevas ofertas<\/strong><\/h3>\n<p>S\u00edguenos en nuestras p\u00e1ginas de redes sociales para recibir las nuevas ofertas y avisos de productos nuevos. Subimos im\u00e1genes de conjuntos de ropa a la moda diariamente.<\/p>\n<div class=\"social-icons follow-icons\" ><a href=\"http:\/\/facebook\" target=\"_blank\" data-label=\"Facebook\" class=\"icon button circle is-outline facebook tooltip\" title=\"S\u00edguenos en Facebook\" aria-label=\"S\u00edguenos en Facebook\" rel=\"noopener nofollow\" ><i class=\"icon-facebook\" ><\/i><\/a><a href=\"http:\/\/instagram\" target=\"_blank\" data-label=\"Instagram\" class=\"icon button circle is-outline instagram tooltip\" title=\"S\u00edguenos en Instagram\" aria-label=\"S\u00edguenos en Instagram\" rel=\"noopener nofollow\" ><i class=\"icon-instagram\" ><\/i><\/a><a href=\"http:\/\/twitter\" data-label=\"Twitter\" target=\"_blank\" class=\"icon button circle is-outline twitter tooltip\" title=\"S\u00edguenos en Twitter\" aria-label=\"S\u00edguenos en Twitter\" rel=\"noopener nofollow\" ><i class=\"icon-twitter\" ><\/i><\/a><a href=\"mailto:email\" data-label=\"E-mail\" target=\"_blank\" class=\"icon button circle is-outline email tooltip\" title=\"Env\u00edanos un email\" aria-label=\"Env\u00edanos un email\" rel=\"nofollow noopener\" ><i class=\"icon-envelop\" ><\/i><\/a><a href=\"http:\/\/youtube\" data-label=\"YouTube\" target=\"_blank\" class=\"icon button circle is-outline youtube tooltip\" title=\"S\u00edguenos en Youtube\" aria-label=\"S\u00edguenos en Youtube\" rel=\"noopener nofollow\" ><i class=\"icon-youtube\" ><\/i><\/a><\/div>\n\n\n              <\/div>\n           <\/div>\n       <\/div>                     \n<style>\n#text-box-2026336257 {\n  width: 79%;\n}\n#text-box-2026336257 .text-box-content {\n  font-size: 158%;\n}\n@media (min-width:550px) {\n  #text-box-2026336257 {\n    width: 61%;\n  }\n  #text-box-2026336257 .text-box-content {\n    font-size: 100%;\n  }\n}\n<\/style>\n    <\/div>\n \n\n        <\/div>\n      <\/div>\n\n            \n<style>\n#banner-300808357 {\n  padding-top: 350px;\n  background-color: rgba(0, 0, 0, 0.99);\n}\n<\/style>\n  <\/div>\n\n\n<div class=\"container section-title-container\" style=\"margin-top:30px;\"><h3 class=\"section-title section-title-center\"><b><\/b><span class=\"section-title-main\" ><i class=\"icon-instagram\" ><\/i>S\u00edguenos en instagram<\/span><b><\/b><\/h3><\/div>\n\nNo images found.\n","protected":false},"excerpt":{"rendered":"","protected":false},"author":2,"featured_media":0,"parent":0,"menu_order":0,"comment_status":"closed","ping_status":"closed","template":"","meta":{"footnotes":""},"class_list":["post-10273","page","type-page","status-publish","hentry"],"_links":{"self":[{"href":"https:\/\/x4fire.com\/es\/wp-json\/wp\/v2\/pages\/10273","targetHints":{"allow":["GET"]}}],"collection":[{"href":"https:\/\/x4fire.com\/es\/wp-json\/wp\/v2\/pages"}],"about":[{"href":"https:\/\/x4fire.com\/es\/wp-json\/wp\/v2\/types\/page"}],"author":[{"embeddable":true,"href":"https:\/\/x4fire.com\/es\/wp-json\/wp\/v2\/users\/2"}],"replies":[{"embeddable":true,"href":"https:\/\/x4fire.com\/es\/wp-json\/wp\/v2\/comments?post=10273"}],"version-history":[{"count":1,"href":"https:\/\/x4fire.com\/es\/wp-json\/wp\/v2\/pages\/10273\/revisions"}],"predecessor-version":[{"id":10278,"href":"https:\/\/x4fire.com\/es\/wp-json\/wp\/v2\/pages\/10273\/revisions\/10278"}],"wp:attachment":[{"href":"https:\/\/x4fire.com\/es\/wp-json\/wp\/v2\/media?parent=10273"}],"curies":[{"name":"wp","href":"https:\/\/api.w.org\/{rel}","templated":true}]}}