{"id":35700,"date":"2024-07-04T22:14:57","date_gmt":"2024-07-04T21:14:57","guid":{"rendered":"https:\/\/x4fire.com\/x4fuego\/"},"modified":"2026-02-28T15:19:46","modified_gmt":"2026-02-28T15:19:46","slug":"x4fuego","status":"publish","type":"page","link":"https:\/\/x4fire.com\/es\/x4fuego\/","title":{"rendered":"x4Fuego"},"content":{"rendered":"\n<div class=\"slider-wrapper relative\" id=\"slider-1707501821\" >\n    <div class=\"slider slider-nav-circle slider-nav-large slider-nav-light slider-style-normal\"\n        data-flickity-options='{\n            \"cellAlign\": \"center\",\n            \"imagesLoaded\": true,\n            \"lazyLoad\": 1,\n            \"freeScroll\": false,\n            \"wrapAround\": true,\n            \"autoPlay\": 6000,\n            \"pauseAutoPlayOnHover\" : true,\n            \"prevNextButtons\": true,\n            \"contain\" : true,\n            \"adaptiveHeight\" : true,\n            \"dragThreshold\" : 10,\n            \"percentPosition\": true,\n            \"pageDots\": true,\n            \"rightToLeft\": false,\n            \"draggable\": true,\n            \"selectedAttraction\": 0.1,\n            \"parallax\" : 0,\n            \"friction\": 0.6        }'\n        >\n        \n\n\n  <div class=\"banner has-hover has-video\" id=\"banner-1232874104\">\n          <div class=\"banner-inner fill\">\n        <div class=\"banner-bg fill\" >\n            <img loading=\"lazy\" decoding=\"async\" width=\"571\" height=\"800\" src=\"https:\/\/x4fire.com\/wp-content\/uploads\/progen-3k-hexagon-kevlar-1-571x800.png\" class=\"bg attachment-large size-large\" alt=\"\" title=\"\">            \t<div class=\"video-overlay no-click fill visible\"><\/div>\n\t<video class=\"video-bg fill visible\" preload playsinline autoplay muted loop>\n\t\t<source src=\"https:\/\/x4fire.com\/wp-content\/uploads\/progen-kevlar-carbono-hexagon.mp4\" type=\"video\/mp4\">\t<\/video>\n            <div class=\"overlay\"><\/div>            \n            <div class=\"effect-sliding-glass bg-effect fill no-click\"><\/div>        <\/div>\n\t\t\n        <div class=\"banner-layers container\">\n            <div class=\"fill banner-link\"><\/div>            \n\n   <div id=\"text-box-1019158102\" class=\"text-box banner-layer x50 md-x50 lg-x50 y95 md-y95 lg-y95 res-text\">\n                                <div class=\"text-box-content text dark\">\n              \n              <div class=\"text-inner text-center\">\n                  \n\n\t<div id=\"text-804880616\" class=\"text\">\n\t\t\n\n<div style=\"text-align: center; padding: clamp(14px,2vw,22px); border-radius: 20px; background: linear-gradient(145deg, rgba(0,0,0,.55), rgba(0,0,0,.25)); border: 1px solid rgba(255,215,120,.18); backdrop-filter: blur(10px); -webkit-backdrop-filter: blur(10px); box-shadow: 0 14px 36px rgba(0,0,0,.45);\">\n<div style=\"font-weight: 900; letter-spacing: .06em; line-height: 1; font-size: clamp(34px,5vw,60px); background: linear-gradient(90deg,#7a5414 0%,#f6e27a 25%,#fff8d6 50%,#d4a742 75%,#7a5414 100%); -webkit-background-clip: text; background-clip: text; color: transparent; margin: 0 0 clamp(8px,1.2vw,14px) 0; text-shadow: 0 6px 18px rgba(0,0,0,.55);\">\n<div style=\"font-weight: 900; letter-spacing: .06em; line-height: 1; font-size: clamp(34px,5vw,60px); background: linear-gradient(90deg,#7a5414 0%,#f6e27a 25%,#fff8d6 50%,#d4a742 75%,#7a5414 100%); -webkit-background-clip: text; background-clip: text; color: transparent; margin: 0 0 clamp(8px,1.2vw,14px) 0; text-shadow: 0 6px 18px rgba(0,0,0,.55);\">PROGEN<\/div>\n<div style=\"font-weight: bold; letter-spacing: .08em; line-height: 1.05; font-size: clamp(18px,2.8vw,28px); background: linear-gradient(90deg,#7a5414 0%,#f6e27a 30%,#fff8d6 50%,#d4a742 75%,#7a5414 100%); -webkit-background-clip: text; background-clip: text; color: transparent; margin: 0 0 6px 0;\">3K PLAIN HEXAGON &amp; KEVLAR<\/div>\n<\/div>\n<div style=\"font-weight: 400; letter-spacing: .05em; line-height: 1.15; font-size: clamp(13px,1.9vw,16px); text-transform: uppercase; background: linear-gradient(90deg,#7a5414 0%,#f6e27a 35%,#fff8d6 50%,#d4a742 75%,#7a5414 100%); -webkit-background-clip: text; background-clip: text; color: transparent; opacity: .9; margin-bottom: 14px;\">3K Hexagon Carbon + Eva Black Soft + MARCO DE Kevlar<\/div>\n<p><a style=\"display: inline-block; padding: clamp(10px,1.4vw,14px) clamp(26px,3vw,40px); font-weight: bold; letter-spacing: .08em; text-transform: uppercase; font-size: clamp(12px,1.6vw,14px); border-radius: 40px; text-decoration: none; background: linear-gradient(90deg,#7a5414 0%,#f6e27a 30%,#fff8d6 50%,#d4a742 75%,#7a5414 100%); color: #000; box-shadow: 0 6px 18px rgba(0,0,0,.45); transition: all .3s ease;\" href=\"https:\/\/x4fire.com\/shop\/palas\/progen\/\">M\u00c1S INFORMACI\u00d3N<br \/><\/a><\/p>\n<\/div>\n\t\t\n<style>\n#text-804880616 {\n  font-size: 0.75rem;\n}\n<\/style>\n\t<\/div>\n\t\n\n              <\/div>\n           <\/div>\n                            \n<style>\n#text-box-1019158102 {\n  width: 90%;\n}\n#text-box-1019158102 .text-box-content {\n  font-size: 125%;\n}\n@media (min-width:550px) {\n  #text-box-1019158102 {\n    width: 95%;\n  }\n  #text-box-1019158102 .text-box-content {\n    font-size: 100%;\n  }\n}\n<\/style>\n    <\/div>\n \n\n        <\/div>\n      <\/div>\n\n            \n<style>\n#banner-1232874104 {\n  padding-top: 480px;\n}\n#banner-1232874104 .overlay {\n  background-color: rgba(0, 0, 0, 0.02);\n}\n#banner-1232874104 .banner-bg img {\n  object-position: 52% 43%;\n}\n@media (min-width:550px) {\n  #banner-1232874104 {\n    padding-top: 600px;\n  }\n}\n<\/style>\n  <\/div>\n\n\n\n     <\/div>\n\n     <div class=\"loading-spin dark large centered\"><\/div>\n\n\t<\/div>\n\n\n<div class=\"row\"  id=\"row-830337557\">\n\n\n\t<div id=\"col-1963555520\" class=\"col medium-4 small-12 large-4\"  >\n\t\t\t\t<div class=\"col-inner\"  >\n\t\t\t\n\t\t\t\n\n\n  <div class=\"banner has-hover bg-zoom-fade\" id=\"banner-1433083899\">\n          <div class=\"banner-inner fill\">\n        <div class=\"banner-bg fill\" >\n                                                \n                    <\/div>\n\t\t\n        <div class=\"banner-layers container\">\n            <a class=\"fill\" href=\"http:\/\/blog\" ><div class=\"fill banner-link\"><\/div><\/a>            \n\n   <div id=\"text-box-1854703422\" class=\"text-box banner-layer x50 md-x50 lg-x50 y50 md-y50 lg-y50 res-text\">\n                                <div class=\"text-box-content text dark\">\n              \n              <div class=\"text-inner text-center\">\n                  \n\n\t<div id=\"text-2055668067\" class=\"text\">\n\t\t\n\n<h2><strong>RENDIMIENTO<\/strong><\/h2>\n<h2><strong>DURABILIDAD<\/strong><\/h2>\n\t\t\n<style>\n#text-2055668067 {\n  color: #c8a251;\n}\n#text-2055668067 > * {\n  color: #c8a251;\n}\n<\/style>\n\t<\/div>\n\t\n<div class=\"is-divider divider clearfix\" ><\/div>\n\n\n              <\/div>\n           <\/div>\n                            \n<style>\n#text-box-1854703422 {\n  width: 60%;\n}\n#text-box-1854703422 .text-box-content {\n  font-size: 100%;\n}\n<\/style>\n    <\/div>\n \n\n        <\/div>\n      <\/div>\n\n            \n<style>\n#banner-1433083899 {\n  padding-top: 160px;\n}\n#banner-1433083899 .banner-bg img {\n  object-position: 55% 11%;\n}\n<\/style>\n  <\/div>\n\n\n\n\t\t<\/div>\n\t\t\t\t\t<\/div>\n\n\t\n\n\t<div id=\"col-379586522\" class=\"col medium-4 small-12 large-4\"  >\n\t\t\t\t<div class=\"col-inner\"  >\n\t\t\t\n\t\t\t\n\n\n  <div class=\"banner has-hover bg-zoom-fade\" id=\"banner-1546108267\">\n          <div class=\"banner-inner fill\">\n        <div class=\"banner-bg fill\" >\n                                                \n                    <\/div>\n\t\t\n        <div class=\"banner-layers container\">\n            <a class=\"fill\" href=\"http:\/\/localhost:8888\/test\/blog\/\" target=\"_blank\" rel=\"noopener\"><div class=\"fill banner-link\"><\/div><\/a>            \n\n   <div id=\"text-box-614410725\" class=\"text-box banner-layer x50 md-x50 lg-x50 y50 md-y50 lg-y50 res-text\">\n                                <div class=\"text-box-content text dark\">\n              \n              <div class=\"text-inner text-center\">\n                  \n\n\t<div id=\"text-339219186\" class=\"text\">\n\t\t\n\n<h2><strong>DOMINIO<\/strong><\/h2>\n<h2><strong>PRECISI\u00d3N<\/strong><\/h2>\n\t\t\n<style>\n#text-339219186 {\n  color: #c8a251;\n}\n#text-339219186 > * {\n  color: #c8a251;\n}\n<\/style>\n\t<\/div>\n\t\n<div class=\"is-divider divider clearfix\" ><\/div>\n\n\n              <\/div>\n           <\/div>\n                            \n<style>\n#text-box-614410725 {\n  width: 60%;\n}\n#text-box-614410725 .text-box-content {\n  font-size: 100%;\n}\n<\/style>\n    <\/div>\n \n\n        <\/div>\n      <\/div>\n\n            \n<style>\n#banner-1546108267 {\n  padding-top: 160px;\n}\n<\/style>\n  <\/div>\n\n\n\n\t\t<\/div>\n\t\t\t\t\t<\/div>\n\n\t\n\n\t<div id=\"col-1144092649\" class=\"col medium-4 small-12 large-4\"  >\n\t\t\t\t<div class=\"col-inner\"  >\n\t\t\t\n\t\t\t\n\n\n  <div class=\"banner has-hover bg-zoom-fade\" id=\"banner-1716776575\">\n          <div class=\"banner-inner fill\">\n        <div class=\"banner-bg fill\" >\n                                                \n                    <\/div>\n\t\t\n        <div class=\"banner-layers container\">\n            <a class=\"fill\" href=\"http:\/\/about-us\"><div class=\"fill banner-link\"><\/div><\/a>            \n\n   <div id=\"text-box-580374455\" class=\"text-box banner-layer x50 md-x50 lg-x50 y50 md-y50 lg-y50 res-text\">\n                                <div class=\"text-box-content text dark\">\n              \n              <div class=\"text-inner text-center\">\n                  \n\n\t<div id=\"text-3253030464\" class=\"text\">\n\t\t\n\n<h2><strong>PODER<\/strong><\/h2>\n<h2><strong>CONTROL<\/strong><\/h2>\n\t\t\n<style>\n#text-3253030464 {\n  color: #c8a251;\n}\n#text-3253030464 > * {\n  color: #c8a251;\n}\n<\/style>\n\t<\/div>\n\t\n<div class=\"is-divider divider clearfix\" ><\/div>\n\n\n              <\/div>\n           <\/div>\n                            \n<style>\n#text-box-580374455 {\n  width: 60%;\n}\n#text-box-580374455 .text-box-content {\n  font-size: 100%;\n}\n<\/style>\n    <\/div>\n \n\n        <\/div>\n      <\/div>\n\n            \n<style>\n#banner-1716776575 {\n  padding-top: 160px;\n}\n#banner-1716776575 .banner-bg img {\n  object-position: 71% 0%;\n}\n<\/style>\n  <\/div>\n\n\n\n\t\t<\/div>\n\t\t\t\t\t<\/div>\n\n\t\n\n<\/div>\n\t\n  \n    <div class=\"row large-columns-4 medium-columns-3 small-columns-2 row-small slider row-slider slider-nav-reveal slider-nav-push\"  data-flickity-options='{&quot;imagesLoaded&quot;: true, &quot;groupCells&quot;: &quot;100%&quot;, &quot;dragThreshold&quot; : 5, &quot;cellAlign&quot;: &quot;left&quot;,&quot;wrapAround&quot;: true,&quot;prevNextButtons&quot;: true,&quot;percentPosition&quot;: true,&quot;pageDots&quot;: false, &quot;rightToLeft&quot;: false, &quot;autoPlay&quot; : false}' >\n\n  <\/div>\n\n<div class=\"row row-divided\"  id=\"row-1794374083\">\n\n\n\t<div id=\"col-1272643949\" class=\"col medium-4 large-4\"  >\n\t\t\t\t<div class=\"col-inner\"  >\n\t\t\t\n\t\t\t\n\n\n\t\t<div class=\"icon-box featured-box icon-box-center text-center\"  style=\"margin:0px 0px 0px 0px;\">\n\t\t\t\t\t<div class=\"icon-box-img has-icon-bg\" style=\"width: 80px\">\n\t\t\t\t<div class=\"icon\">\n\t\t\t\t\t<div class=\"icon-inner\" style=\"border-width:2px;color:rgb(197, 160, 80);\">\n\t\t\t\t\t\t<img loading=\"lazy\" decoding=\"async\" width=\"286\" height=\"400\" src=\"https:\/\/x4fire.com\/wp-content\/uploads\/progen-3k-hexagon-kevlar-1-286x400.png\" class=\"attachment-medium size-medium\" alt=\"\" srcset=\"https:\/\/x4fire.com\/wp-content\/uploads\/progen-3k-hexagon-kevlar-1-286x400.png 286w, https:\/\/x4fire.com\/wp-content\/uploads\/progen-3k-hexagon-kevlar-1-244x340.png 244w, https:\/\/x4fire.com\/wp-content\/uploads\/progen-3k-hexagon-kevlar-1-520x728.png 520w, https:\/\/x4fire.com\/wp-content\/uploads\/progen-3k-hexagon-kevlar-1-571x800.png 571w, https:\/\/x4fire.com\/wp-content\/uploads\/progen-3k-hexagon-kevlar-1-768x1076.png 768w, https:\/\/x4fire.com\/wp-content\/uploads\/progen-3k-hexagon-kevlar-1.png 914w\" sizes=\"auto, (max-width: 286px) 100vw, 286px\" title=\"\">\t\t\t\t\t<\/div>\n\t\t\t\t<\/div>\n\t\t\t<\/div>\n\t\t\t\t<div class=\"icon-box-text last-reset\">\n\t\t\t<h5 class=\"uppercase\">Rendimiento y durabilidad<\/h5>\t\t\t\t\t\t\n\n<p>Combina 3K Carbon y Kevlar para un rendimiento y durabilidad excepcionales. Con un n\u00facleo EVA blando, cada disparo es preciso y c\u00f3modo. Eleva tu nivel con la mejor tecnolog\u00eda que tengas en tus manos.  <\/p>\n\n\t\t<\/div>\n\t<\/div>\n\t\n\t\n\n\t\t<\/div>\n\t\t\t\t\t<\/div>\n\n\t\n\n\t<div id=\"col-80744332\" class=\"col medium-4 large-4\"  >\n\t\t\t\t<div class=\"col-inner\"  >\n\t\t\t\n\t\t\t\n\n\n\t\t<div class=\"icon-box featured-box icon-box-center text-center\"  style=\"margin:0px 0px 0px 0px;\">\n\t\t\t\t\t<div class=\"icon-box-img has-icon-bg\" style=\"width: 80px\">\n\t\t\t\t<div class=\"icon\">\n\t\t\t\t\t<div class=\"icon-inner\" style=\"border-width:2px;color:rgb(197, 160, 80);\">\n\t\t\t\t\t\t<img loading=\"lazy\" decoding=\"async\" width=\"286\" height=\"400\" src=\"https:\/\/x4fire.com\/wp-content\/uploads\/progen-3k-hexagon-kevlar-1-286x400.png\" class=\"attachment-medium size-medium\" alt=\"\" srcset=\"https:\/\/x4fire.com\/wp-content\/uploads\/progen-3k-hexagon-kevlar-1-286x400.png 286w, https:\/\/x4fire.com\/wp-content\/uploads\/progen-3k-hexagon-kevlar-1-244x340.png 244w, https:\/\/x4fire.com\/wp-content\/uploads\/progen-3k-hexagon-kevlar-1-520x728.png 520w, https:\/\/x4fire.com\/wp-content\/uploads\/progen-3k-hexagon-kevlar-1-571x800.png 571w, https:\/\/x4fire.com\/wp-content\/uploads\/progen-3k-hexagon-kevlar-1-768x1076.png 768w, https:\/\/x4fire.com\/wp-content\/uploads\/progen-3k-hexagon-kevlar-1.png 914w\" sizes=\"auto, (max-width: 286px) 100vw, 286px\" title=\"\">\t\t\t\t\t<\/div>\n\t\t\t\t<\/div>\n\t\t\t<\/div>\n\t\t\t\t<div class=\"icon-box-text last-reset\">\n\t\t\t<h5 class=\"uppercase\">Dominio y precisi\u00f3n<\/h5>\t\t\t\t\t\t\n\n<p>Domina la pista con su dise\u00f1o ergon\u00f3mico y el n\u00facleo EVA Soft Black que garantiza precisi\u00f3n y comodidad. El 3K Hexagonal Carbon proporciona una resistencia y control excepcionales. Llega a la cima con esta raqueta.  <\/p>\n\n\t\t<\/div>\n\t<\/div>\n\t\n\t\n\n\t\t<\/div>\n\t\t\t\t\t<\/div>\n\n\t\n\n\t<div id=\"col-268243253\" class=\"col medium-4 large-4\"  >\n\t\t\t\t<div class=\"col-inner\"  >\n\t\t\t\n\t\t\t\n\n\n\t\t<div class=\"icon-box featured-box icon-box-center text-center\"  style=\"margin:0px 0px 0px 0px;\">\n\t\t\t\t\t<div class=\"icon-box-img has-icon-bg\" style=\"width: 80px\">\n\t\t\t\t<div class=\"icon\">\n\t\t\t\t\t<div class=\"icon-inner\" style=\"border-width:2px;color:rgb(197, 160, 80);\">\n\t\t\t\t\t\t<img loading=\"lazy\" decoding=\"async\" width=\"286\" height=\"400\" src=\"https:\/\/x4fire.com\/wp-content\/uploads\/progen-3k-hexagon-kevlar-1-286x400.png\" class=\"attachment-medium size-medium\" alt=\"\" srcset=\"https:\/\/x4fire.com\/wp-content\/uploads\/progen-3k-hexagon-kevlar-1-286x400.png 286w, https:\/\/x4fire.com\/wp-content\/uploads\/progen-3k-hexagon-kevlar-1-244x340.png 244w, https:\/\/x4fire.com\/wp-content\/uploads\/progen-3k-hexagon-kevlar-1-520x728.png 520w, https:\/\/x4fire.com\/wp-content\/uploads\/progen-3k-hexagon-kevlar-1-571x800.png 571w, https:\/\/x4fire.com\/wp-content\/uploads\/progen-3k-hexagon-kevlar-1-768x1076.png 768w, https:\/\/x4fire.com\/wp-content\/uploads\/progen-3k-hexagon-kevlar-1.png 914w\" sizes=\"auto, (max-width: 286px) 100vw, 286px\" title=\"\">\t\t\t\t\t<\/div>\n\t\t\t\t<\/div>\n\t\t\t<\/div>\n\t\t\t\t<div class=\"icon-box-text last-reset\">\n\t\t\t<h5 class=\"uppercase\">Potencia y control<\/h5>\t\t\t\t\t\t\n\n<div class=\"flex flex-grow flex-col max-w-full\">\n<div class=\"min-h-&#091;20px&#093; text-message flex flex-col items-start whitespace-pre-wrap break-words &#091;.text-message+&amp;&#093;:mt-5 juice:w-full juice:items-end overflow-x-auto gap-2\" dir=\"auto\" data-message-author-role=\"assistant\" data-message-id=\"3164d10a-4ea6-47a3-8bab-abbbd9ce7845\">\n<div class=\"flex w-full flex-col gap-1 juice:empty:hidden juice:first:pt-&#091;3px&#093;\">\n<div class=\"markdown prose w-full break-words dark:prose-invert light\">\n<p>Con 3K Carbon y Kevlar, ofrece durabilidad y un rendimiento superior. Su n\u00facleo EVA blando y su peso \u00f3ptimo aseguran maniobrabilidad y potencia en cada disparo. <\/p>\n<\/div>\n<\/div>\n<\/div>\n<\/div>\n\n\t\t<\/div>\n\t<\/div>\n\t\n\t\n\n\t\t<\/div>\n\t\t\t\t\t<\/div>\n\n\t\n\n<\/div>\n<div class=\"slider-wrapper relative\" id=\"slider-13765970\" >\n    <div class=\"slider slider-nav-circle slider-nav-large slider-nav-light slider-style-normal\"\n        data-flickity-options='{\n            \"cellAlign\": \"center\",\n            \"imagesLoaded\": true,\n            \"lazyLoad\": 1,\n            \"freeScroll\": false,\n            \"wrapAround\": true,\n            \"autoPlay\": 2000,\n            \"pauseAutoPlayOnHover\" : true,\n            \"prevNextButtons\": true,\n            \"contain\" : true,\n            \"adaptiveHeight\" : true,\n            \"dragThreshold\" : 10,\n            \"percentPosition\": true,\n            \"pageDots\": true,\n            \"rightToLeft\": false,\n            \"draggable\": true,\n            \"selectedAttraction\": 0.1,\n            \"parallax\" : 0,\n            \"friction\": 0.6        }'\n        >\n        \n\n\n  <div class=\"banner has-hover has-parallax\" id=\"banner-2036028366\">\n          <div class=\"banner-inner fill\">\n        <div class=\"banner-bg fill\" data-parallax=\"-1\" data-parallax-container=\".banner\" data-parallax-background>\n                                                \n                    <\/div>\n\t\t\n        <div class=\"banner-layers container\">\n            <div class=\"fill banner-link\"><\/div>            \n\n   <div id=\"text-box-705799077\" class=\"text-box banner-layer x50 md-x50 lg-x50 y50 md-y50 lg-y50 res-text\">\n                                <div class=\"text-box-content text dark\">\n              \n              <div class=\"text-inner text-center\">\n                  \n\n  <div class=\"icon-box testimonial-box icon-box-left text-left\">\n                <div class=\"icon-box-text p-last-0\">\n          <div class=\"star-rating\"><span style=\"width:100%\"><strong class=\"rating\"><\/strong><\/span><\/div>  \t\t\t\t<div class=\"testimonial-text line-height-small italic test_text first-reset last-reset is-italic\">\n            \n\n\t<div id=\"text-3664629335\" class=\"text\">\n\t\t\n\n<p>Controla cada disparo con precisi\u00f3n milim\u00e9trica. Dise\u00f1ada para jugadores que buscan dominar totalmente la pista, esta raqueta cuenta con materiales de \u00faltima generaci\u00f3n y un dise\u00f1o ergon\u00f3mico para una precisi\u00f3n inigualable. \u00a1Domina cada partido con confianza y lleva tu rendimiento al siguiente nivel!  <\/p>\n\t\t\n<style>\n#text-3664629335 {\n  color: #c8a251;\n}\n#text-3664629335 > * {\n  color: #c8a251;\n}\n<\/style>\n\t<\/div>\n\t\n\n          <\/div>\n          <div class=\"testimonial-meta pt-half\">\n             <strong class=\"testimonial-name test_name\">Dominance<\/strong>\n             <span class=\"testimonial-name-divider\"> \/ <\/span>             <span class=\"testimonial-company test_company\">Precision<\/span>\n          <\/div>\n        <\/div>\n  <\/div>\n\n  \n\n              <\/div>\n           <\/div>\n                            \n<style>\n#text-box-705799077 {\n  width: 78%;\n}\n#text-box-705799077 .text-box-content {\n  font-size: 100%;\n}\n<\/style>\n    <\/div>\n \n\n        <\/div>\n      <\/div>\n\n            \n<style>\n#banner-2036028366 {\n  padding-top: 200px;\n}\n<\/style>\n  <\/div>\n\n\n\n  <div class=\"banner has-hover has-parallax\" id=\"banner-278753582\">\n          <div class=\"banner-inner fill\">\n        <div class=\"banner-bg fill\" data-parallax=\"-1\" data-parallax-container=\".banner\" data-parallax-background>\n                                                \n                    <\/div>\n\t\t\n        <div class=\"banner-layers container\">\n            <div class=\"fill banner-link\"><\/div>            \n\n   <div id=\"text-box-722497937\" class=\"text-box banner-layer x50 md-x50 lg-x50 y50 md-y50 lg-y50 res-text\">\n                                <div class=\"text-box-content text dark\">\n              \n              <div class=\"text-inner text-center\">\n                  \n\n  <div class=\"icon-box testimonial-box icon-box-left text-left\">\n                <div class=\"icon-box-text p-last-0\">\n          <div class=\"star-rating\"><span style=\"width:100%\"><strong class=\"rating\"><\/strong><\/span><\/div>  \t\t\t\t<div class=\"testimonial-text line-height-small italic test_text first-reset last-reset is-italic\">\n            \n\n\t<div id=\"text-2309334699\" class=\"text\">\n\t\t\n\n<p>Revoluciona tu estilo de juego con la \u00faltima tecnolog\u00eda avanzada. Dise\u00f1ada para ofrecer m\u00e1xima precisi\u00f3n y control, esta raqueta es ideal para verdaderos campeones. Con materiales innovadores y un dise\u00f1o sofisticado, cada disparo ser\u00e1 una demostraci\u00f3n de superioridad. \u00a1Gana con la innovaci\u00f3n y lleva tu juego al siguiente nivel!   <\/p>\n\t\t\n<style>\n#text-2309334699 {\n  color: #c8a251;\n}\n#text-2309334699 > * {\n  color: #c8a251;\n}\n<\/style>\n\t<\/div>\n\t\n\n          <\/div>\n          <div class=\"testimonial-meta pt-half\">\n             <strong class=\"testimonial-name test_name\">Innovation<\/strong>\n             <span class=\"testimonial-name-divider\"> \/ <\/span>             <span class=\"testimonial-company test_company\">Advanced Technology<\/span>\n          <\/div>\n        <\/div>\n  <\/div>\n\n  \n\n              <\/div>\n           <\/div>\n                            \n<style>\n#text-box-722497937 {\n  width: 80%;\n}\n#text-box-722497937 .text-box-content {\n  font-size: 100%;\n}\n<\/style>\n    <\/div>\n \n\n        <\/div>\n      <\/div>\n\n            \n<style>\n#banner-278753582 {\n  padding-top: 200px;\n}\n<\/style>\n  <\/div>\n\n\n\n  <div class=\"banner has-hover has-parallax\" id=\"banner-171771735\">\n          <div class=\"banner-inner fill\">\n        <div class=\"banner-bg fill\" data-parallax=\"-1\" data-parallax-container=\".banner\" data-parallax-background>\n                                                \n                    <\/div>\n\t\t\n        <div class=\"banner-layers container\">\n            <div class=\"fill banner-link\"><\/div>            \n\n   <div id=\"text-box-490149247\" class=\"text-box banner-layer x50 md-x50 lg-x50 y50 md-y50 lg-y50 res-text\">\n                                <div class=\"text-box-content text dark\">\n              \n              <div class=\"text-inner text-center\">\n                  \n\n  <div class=\"icon-box testimonial-box icon-box-left text-left\">\n                <div class=\"icon-box-text p-last-0\">\n          <div class=\"star-rating\"><span style=\"width:100%\"><strong class=\"rating\"><\/strong><\/span><\/div>  \t\t\t\t<div class=\"testimonial-text line-height-small italic test_text first-reset last-reset is-italic\">\n            \n\n\t<div id=\"text-336069183\" class=\"text\">\n\t\t\n\n<p>Experimenta una raqueta que combina una durabilidad excepcional con un rendimiento superior. Sus materiales de alta calidad aseguran resistencia, mientras que el dise\u00f1o ergon\u00f3mico y el n\u00facleo suave de EVA proporcionan precisi\u00f3n y comodidad. Domina la pista con confianza en cada golpe. \u00a1Juega al m\u00e1s alto nivel y supera tus l\u00edmites!   <\/p>\n\t\t\n<style>\n#text-336069183 {\n  color: #c8a251;\n}\n#text-336069183 > * {\n  color: #c8a251;\n}\n<\/style>\n\t<\/div>\n\t\n\n          <\/div>\n          <div class=\"testimonial-meta pt-half\">\n             <strong class=\"testimonial-name test_name\">Durability<\/strong>\n             <span class=\"testimonial-name-divider\"> \/ <\/span>             <span class=\"testimonial-company test_company\">Performance<\/span>\n          <\/div>\n        <\/div>\n  <\/div>\n\n  \n\n              <\/div>\n           <\/div>\n                            \n<style>\n#text-box-490149247 {\n  width: 80%;\n}\n#text-box-490149247 .text-box-content {\n  font-size: 100%;\n}\n<\/style>\n    <\/div>\n \n\n        <\/div>\n      <\/div>\n\n            \n<style>\n#banner-171771735 {\n  padding-top: 200px;\n}\n<\/style>\n  <\/div>\n\n\n\n     <\/div>\n\n     <div class=\"loading-spin dark large centered\"><\/div>\n\n\t<\/div>\n\n\n\t<div id=\"gap-1370981681\" class=\"gap-element clearfix\" style=\"display:block; height:auto;\">\n\t\t\n<style>\n#gap-1370981681 {\n  padding-top: 40px;\n}\n<\/style>\n\t<\/div>\n\t\n\n\t<div id=\"gap-204873283\" class=\"gap-element clearfix\" style=\"display:block; height:auto;\">\n\t\t\n<style>\n#gap-204873283 {\n  padding-top: 40px;\n}\n<\/style>\n\t<\/div>\n\t\n\n\n  \n    <div class=\"row large-columns-4 medium-columns-3 small-columns-1 slider row-slider slider-nav-reveal slider-nav-push\"  data-flickity-options='{&quot;imagesLoaded&quot;: true, &quot;groupCells&quot;: &quot;100%&quot;, &quot;dragThreshold&quot; : 5, &quot;cellAlign&quot;: &quot;left&quot;,&quot;wrapAround&quot;: true,&quot;prevNextButtons&quot;: true,&quot;percentPosition&quot;: true,&quot;pageDots&quot;: false, &quot;rightToLeft&quot;: false, &quot;autoPlay&quot; : false}' >\n\n  <\/div>\n\n\n","protected":false},"excerpt":{"rendered":"","protected":false},"author":10,"featured_media":8893,"parent":0,"menu_order":12,"comment_status":"closed","ping_status":"closed","template":"page-blank.php","meta":{"footnotes":""},"class_list":["post-35700","page","type-page","status-publish","has-post-thumbnail","hentry"],"_links":{"self":[{"href":"https:\/\/x4fire.com\/es\/wp-json\/wp\/v2\/pages\/35700","targetHints":{"allow":["GET"]}}],"collection":[{"href":"https:\/\/x4fire.com\/es\/wp-json\/wp\/v2\/pages"}],"about":[{"href":"https:\/\/x4fire.com\/es\/wp-json\/wp\/v2\/types\/page"}],"author":[{"embeddable":true,"href":"https:\/\/x4fire.com\/es\/wp-json\/wp\/v2\/users\/10"}],"replies":[{"embeddable":true,"href":"https:\/\/x4fire.com\/es\/wp-json\/wp\/v2\/comments?post=35700"}],"version-history":[{"count":3,"href":"https:\/\/x4fire.com\/es\/wp-json\/wp\/v2\/pages\/35700\/revisions"}],"predecessor-version":[{"id":35820,"href":"https:\/\/x4fire.com\/es\/wp-json\/wp\/v2\/pages\/35700\/revisions\/35820"}],"wp:featuredmedia":[{"embeddable":true,"href":"https:\/\/x4fire.com\/es\/wp-json\/wp\/v2\/media\/8893"}],"wp:attachment":[{"href":"https:\/\/x4fire.com\/es\/wp-json\/wp\/v2\/media?parent=35700"}],"curies":[{"name":"wp","href":"https:\/\/api.w.org\/{rel}","templated":true}]}}