{"id":8786,"date":"2016-08-12T10:23:03","date_gmt":"2016-08-12T10:23:03","guid":{"rendered":"http:\/\/web.hangar37.eu\/?page_id=8786"},"modified":"2016-10-17T11:32:58","modified_gmt":"2016-10-17T11:32:58","slug":"actividades","status":"publish","type":"page","link":"https:\/\/x4fire.com\/es\/actividades\/","title":{"rendered":"Actividades"},"content":{"rendered":"\n  <div class=\"banner has-hover\" id=\"banner-1942383144\">\n          <div class=\"banner-inner fill\">\n        <div class=\"banner-bg fill\" >\n            <img loading=\"lazy\" decoding=\"async\" width=\"1020\" height=\"574\" src=\"https:\/\/x4fire.com\/wp-content\/uploads\/2016\/10\/WDF_2106583-1400x788.jpg\" class=\"bg attachment-large size-large\" alt=\"\" title=\"\">                                    \n                    <\/div>\n\t\t\n        <div class=\"banner-layers container\">\n            <div class=\"fill banner-link\"><\/div>            \n   <div id=\"text-box-547710849\" class=\"text-box banner-layer x5 md-x5 lg-x5 y50 md-y50 lg-y50 res-text\">\n                     <div data-animate=\"fadeInUp\">           <div class=\"text-box-content text box-shadow-3 dark\">\n              \n              <div class=\"text-inner text-center\">\n                  \n<h2 class=\"uppercase\"><strong>trabaja con nosotros<\/strong><\/h2>\n<h3>con horarios flexibles<\/h3>\n<p>Si est\u00e1s interesado\/a en formar parte de nuestro equipo solo tienes que ponerte en contacto con nosotros\u00a0y enviarnos tu CV.<\/p>\n<a href=\"https:\/\/x4fire.com\/elements\/pages\/contact\/\" class=\"button primary\"  >\n\t\t<span>Ver tel\u00e9fono<\/span>\n\t<\/a>\n\n<a href=\"https:\/\/x4fire.com\/elements\/pages\/contact\/\" class=\"button white is-outline\"  >\n\t\t<span>ver e-mail<\/span>\n\t<\/a>\n\n              <\/div>\n           <\/div>\n       <\/div>                     \n<style>\n#text-box-547710849 .text-box-content {\n  background-color: rgba(0, 0, 0, 0.86);\n  font-size: 100%;\n}\n#text-box-547710849 .text-inner {\n  padding: 30px 30px 30px 30px;\n}\n#text-box-547710849 {\n  width: 60%;\n}\n@media (min-width:550px) {\n  #text-box-547710849 {\n    width: 85%;\n  }\n}\n<\/style>\n    <\/div>\n \n        <\/div>\n      <\/div>\n\n            \n<style>\n#banner-1942383144 {\n  padding-top: 500px;\n  background-color: #1486B7;\n}\n<\/style>\n  <\/div>\n\n\n\n\t<section class=\"section\" id=\"section_375561952\">\n\t\t<div class=\"section-bg fill\" >\n\t\t\t\t\t\t\t\t\t<div class=\"section-bg-overlay absolute fill\"><\/div>\n\t\t\t\n\t<div class=\"is-border\"\n\t\tstyle=\"border-width:1px 0px 1px 0px;\">\n\t<\/div>\n\n\t\t<\/div>\n\n\t\t\n\n\t\t<div class=\"section-content relative\">\n\t\t\t\n<div class=\"row row-large align-middle\"  id=\"row-339291981\">\n\n\t<div id=\"col-1356585241\" class=\"col medium-6 small-12 large-6\"  >\n\t\t\t\t<div class=\"col-inner\"  >\n\t\t\t\n\t\t\t\n\t<div class=\"img has-hover x md-x lg-x y md-y lg-y\" id=\"image_1695980618\">\n\t\t\t\t\t\t\t\t<div class=\"img-inner dark\" >\n\t\t\t<img loading=\"lazy\" decoding=\"async\" width=\"513\" height=\"655\" src=\"https:\/\/x4fire.com\/wp-content\/uploads\/2016\/10\/6704228-1-navy.jpg\" class=\"attachment-large size-large\" alt=\"\" srcset=\"https:\/\/x4fire.com\/wp-content\/uploads\/2016\/10\/6704228-1-navy.jpg 513w, https:\/\/x4fire.com\/wp-content\/uploads\/2016\/10\/6704228-1-navy-510x651.jpg 510w, https:\/\/x4fire.com\/wp-content\/uploads\/2016\/10\/6704228-1-navy-313x400.jpg 313w\" sizes=\"auto, (max-width: 513px) 100vw, 513px\" title=\"\">\t\t\t\t\t\t\n\t\t\t\t\t<\/div>\n\t\t\t\t\t\t\t\t\n<style>\n#image_1695980618 {\n  width: 100%;\n}\n<\/style>\n\t<\/div>\n\t\n\t<div class=\"img has-hover x md-x lg-x y md-y lg-y\" id=\"image_1954448821\">\n\t\t\t\t\t\t\t\t<div class=\"img-inner box-shadow-2 dark\" >\n\t\t\t\t\t\t\t\t\t\n\t\t\t\t\t<\/div>\n\t\t\t\t\t\t\t\t\n<style>\n#image_1954448821 {\n  width: 100%;\n}\n<\/style>\n\t<\/div>\n\t\n\t\t<\/div>\n\t\t\t\t\t<\/div>\n\n\t\n\n\t<div id=\"col-780318439\" class=\"col medium-6 small-12 large-6\"  >\n\t\t\t\t<div class=\"col-inner text-left\"  >\n\t\t\t\n\t\t\t\n<h2 class=\"uppercase\">\u00bfte encanta la moda?<\/h2>\n<p>Entonces \u00e9ste trabajo es lo tuyo. Ent\u00e9rate de c\u00f3mo funciona el mundo de la moda, trabajando siempre con profesionales y estando al d\u00eda con las novedades.<\/p>\n<a href=\"https:\/\/x4fire.com\/elements\/pages\/contact\/\" class=\"button primary\"  >\n\t\t<span>Contactar<\/span>\n\t<\/a>\n\n\t\t<\/div>\n\t\t\t\t\t<\/div>\n\n\t\n<\/div>\n\t\t<\/div>\n\n\t\t\n<style>\n#section_375561952 {\n  padding-top: 60px;\n  padding-bottom: 60px;\n  background-color: rgb(193, 193, 193);\n}\n#section_375561952 .section-bg-overlay {\n  background-color: rgba(255, 255, 255, 0.85);\n}\n<\/style>\n\t<\/section>\n\t\n\n\t<section class=\"section\" id=\"section_1989380946\">\n\t\t<div class=\"section-bg fill\" >\n\t\t\t\t\t\t\t\t\t<div class=\"section-bg-overlay absolute fill\"><\/div>\n\t\t\t\n\n\t\t<\/div>\n\n\t\t\n\n\t\t<div class=\"section-content relative\">\n\t\t\t\n<div class=\"row row-large align-middle\"  id=\"row-507404046\">\n\n\t<div id=\"col-624008275\" class=\"col medium-6 small-12 large-6\"  >\n\t\t\t\t<div class=\"col-inner text-left\"  >\n\t\t\t\n\t\t\t\n<h2 class=\"uppercase\">\u00bfnecesitas horarios flexibles?<\/h2>\n<p>No te preocupes, disponemos de huecos para personalizar tus horarios, pudiendo trabajar de media jornada, jornada completa o turnos partidos de la forma que te convenga.<\/p>\n<a href=\"https:\/\/x4fire.com\/elements\/pages\/contact\/\" class=\"button primary\"  >\n\t\t<span>contactar<\/span>\n\t<\/a>\n\n\t\t<\/div>\n\t\t\t\t\t<\/div>\n\n\t\n\n\t<div id=\"col-332456800\" class=\"col medium-6 small-12 large-6\"  >\n\t\t\t\t<div class=\"col-inner\"  >\n\t\t\t\n\t\t\t\n\t<div class=\"img has-hover x md-x lg-x y md-y lg-y\" id=\"image_1350722583\">\n\t\t\t\t\t\t\t\t<div class=\"img-inner dark\" >\n\t\t\t<img loading=\"lazy\" decoding=\"async\" width=\"513\" height=\"655\" src=\"https:\/\/x4fire.com\/wp-content\/uploads\/2016\/10\/6283489-3.jpg\" class=\"attachment-large size-large\" alt=\"\" srcset=\"https:\/\/x4fire.com\/wp-content\/uploads\/2016\/10\/6283489-3.jpg 513w, https:\/\/x4fire.com\/wp-content\/uploads\/2016\/10\/6283489-3-510x651.jpg 510w, https:\/\/x4fire.com\/wp-content\/uploads\/2016\/10\/6283489-3-313x400.jpg 313w\" sizes=\"auto, (max-width: 513px) 100vw, 513px\" title=\"\">\t\t\t\t\t\t\n\t\t\t\t\t<\/div>\n\t\t\t\t\t\t\t\t\n<style>\n#image_1350722583 {\n  width: 100%;\n}\n<\/style>\n\t<\/div>\n\t\n\t<div class=\"img has-hover x md-x lg-x y md-y lg-y\" id=\"image_1921988457\">\n\t\t\t\t\t\t\t\t<div class=\"img-inner box-shadow-2 dark\" >\n\t\t\t\t\t\t\t\t\t\n\t\t\t\t\t<\/div>\n\t\t\t\t\t\t\t\t\n<style>\n#image_1921988457 {\n  width: 100%;\n}\n<\/style>\n\t<\/div>\n\t\n\t\t<\/div>\n\t\t\t\t\t<\/div>\n\n\t\n<\/div>\n\t\t<\/div>\n\n\t\t\n<style>\n#section_1989380946 {\n  padding-top: 60px;\n  padding-bottom: 60px;\n  background-color: rgb(255, 255, 255);\n}\n#section_1989380946 .section-bg-overlay {\n  background-color: rgba(255, 255, 255, 0.85);\n}\n<\/style>\n\t<\/section>\n\t\n\n\t<section class=\"section\" id=\"section_638336064\">\n\t\t<div class=\"section-bg fill\" >\n\t\t\t\t\t\t\t\t\t\n\t\t\t\n\t<div class=\"is-border\"\n\t\tstyle=\"border-width:1px 0px 1px 0px;\">\n\t<\/div>\n\n\t\t<\/div>\n\n\t\t\n\n\t\t<div class=\"section-content relative\">\n\t\t\t\n<div class=\"row align-equal\"  id=\"row-72498955\">\n\n\t<div id=\"col-847535109\" class=\"col medium-3 small-12 large-3\"  >\n\t\t\t\t<div class=\"col-inner\"  >\n\t\t\t\n\t\t\t\n<h2 class=\"uppercase\">novedades<\/h2>\n<p>Publicamos novedades semanalmente<\/p>\n<a href=\"https:\/\/x4fire.com\/blog\/\" class=\"button primary\"  >\n\t\t<span>blog<\/span>\n\t<\/a>\n\n\t\t<\/div>\n\t\t\t\t\t<\/div>\n\n\t\n\n\t<div id=\"col-1540242727\" class=\"col medium-9 small-12 large-9\"  >\n\t\t\t\t<div class=\"col-inner\"  >\n\t\t\t\n\t\t\t\n\n  \n    <div class=\"row large-columns-2 medium-columns- small-columns-1 has-shadow row-box-shadow-1 slider row-slider slider-nav-circle\"  data-flickity-options='{&quot;imagesLoaded&quot;: true, &quot;groupCells&quot;: &quot;100%&quot;, &quot;dragThreshold&quot; : 5, &quot;cellAlign&quot;: &quot;left&quot;,&quot;wrapAround&quot;: true,&quot;prevNextButtons&quot;: true,&quot;percentPosition&quot;: true,&quot;pageDots&quot;: false, &quot;rightToLeft&quot;: false, &quot;autoPlay&quot; : false}' >\n\n  <\/div>\n\t\t<\/div>\n\t\t\t\t\t<\/div>\n\n\t\n<\/div>\n\t\t<\/div>\n\n\t\t\n<style>\n#section_638336064 {\n  padding-top: 43px;\n  padding-bottom: 43px;\n  min-height: 276px;\n  background-color: rgb(241, 241, 241);\n}\n<\/style>\n\t<\/section>\n\t\n","protected":false},"excerpt":{"rendered":"","protected":false},"author":2,"featured_media":0,"parent":0,"menu_order":0,"comment_status":"closed","ping_status":"closed","template":"page-blank.php","meta":{"footnotes":""},"class_list":["post-8786","page","type-page","status-publish","hentry"],"_links":{"self":[{"href":"https:\/\/x4fire.com\/es\/wp-json\/wp\/v2\/pages\/8786","targetHints":{"allow":["GET"]}}],"collection":[{"href":"https:\/\/x4fire.com\/es\/wp-json\/wp\/v2\/pages"}],"about":[{"href":"https:\/\/x4fire.com\/es\/wp-json\/wp\/v2\/types\/page"}],"author":[{"embeddable":true,"href":"https:\/\/x4fire.com\/es\/wp-json\/wp\/v2\/users\/2"}],"replies":[{"embeddable":true,"href":"https:\/\/x4fire.com\/es\/wp-json\/wp\/v2\/comments?post=8786"}],"version-history":[{"count":12,"href":"https:\/\/x4fire.com\/es\/wp-json\/wp\/v2\/pages\/8786\/revisions"}],"predecessor-version":[{"id":9554,"href":"https:\/\/x4fire.com\/es\/wp-json\/wp\/v2\/pages\/8786\/revisions\/9554"}],"wp:attachment":[{"href":"https:\/\/x4fire.com\/es\/wp-json\/wp\/v2\/media?parent=8786"}],"curies":[{"name":"wp","href":"https:\/\/api.w.org\/{rel}","templated":true}]}}